{"id":2137,"date":"2018-05-16T14:51:58","date_gmt":"2018-05-16T12:51:58","guid":{"rendered":"http:\/\/www.off2off.se\/?page_id=2137\/"},"modified":"2018-05-16T14:51:58","modified_gmt":"2018-05-16T12:51:58","slug":"ystads-kommun","status":"publish","type":"page","link":"https:\/\/www.off2off.se\/da\/referencer\/case\/ystads-kommun\/","title":{"rendered":"Ystads kommun"},"content":{"rendered":"<p>Efter det f\u00f8rste \u00e5r af brugen af \u200b\u200boff2offs platform har givet \u00f8konomiske besparelser, sammenlignet faktiske elementer, svarende til 456 tusind SEK og milj\u00f8m\u00e6ssige besparelser i forhold til at k\u00f8be nye, CO <sub> 2 svarende 6 425 miles med en gennemsnitlig personbil og 101.000 kWh svarende til fire opvarmede, opvarmede villaer. <\/sub><\/p>\n<ul>\n<li style=\"text-align: left;\">74% af brugerne har reserveret noget<\/li>\n<li style=\"text-align: left;\">2 af 3 har brugt Medhj\u00e6lpere <i> (off2off skaber arbejdspladser)<br \/>\n<\/i><\/li>\n<li style=\"text-align: left;\">Bidder til socialt b\u00e6redygtig organisation 4.1 p\u00e5 en skala 1-5<\/li>\n<li style=\"text-align: left;\">Bidder til \u00f8konomisk b\u00e6redygtig organisation 4.7 p\u00e5 skala 1-5<\/li>\n<li style=\"text-align: left;\">Bidder til milj\u00f8m\u00e6ssigt b\u00e6redygtig organisation 4.6 p\u00e5 skala 1-5<br \/>\n<hr \/>\n<p><em> &#8220;Ystad kommune er selvf\u00f8lgelig stolt over at have opn\u00e5et s\u00e5 gode resultater p\u00e5 s\u00e5 kort tid. Det viser, at der er en vilje og interesse for genanvendelse. Det er ofte sv\u00e6rt at g\u00f8re milj\u00f8problemer m\u00e5lbare, men med off2off kan vi udover at g\u00f8re det godt ogs\u00e5 pr\u00e6sentere de gode resultater for vores medarbejdere og ledelse. Opf\u00f8lgning og statistik er et vigtigt kommunikationsv\u00e6rkt\u00f8j som grundlag for udviklingsarbejdet &#8220;<\/em><\/p>\n<p>Christina &#8220;Tina&#8221; Persson, Milj\u00f8strategi, Ystad Kommune, 29. marts 2017<\/p>\n<p>&amp; Nbsp;<\/p>\n<p><em> &#8220;Som en af \u200b\u200bvores aktiviteter i vores Milj\u00f8programmer form\u00e5l at&#8221; Alle aktiviteter i kommunen har et forbrug, der er milj\u00f8venlig og socialt b\u00e6redygtig &#8220;har off2offs koncept viste klart, at de p\u00e5st\u00e5ede nye tr\u00e5de passer godt med virkeligheden, og at vi lever mere . som vi l\u00e6rer om b\u00e6redygtigt forbrug, da regeringen unders\u00f8gelse af cirkul\u00e6r \u00f8konomi (fra v\u00e6rdik\u00e6den til v\u00e6rdi cyklus) skriver: &#8220;de lokale myndigheder og offentlige institutioner har et s\u00e6rligt ansvar for at forebygge affald i deres operationer, samt en model for privatpersoner og virksomheder, samt brugere af skatteydere &#8220;Derfra er det ogs\u00e5 foresl\u00e5et, at kommunens forpligtelse til at forhindre affald i sine aktiviteter pr\u00e6ciseres og endda beskrevet. Noget som <span class=\" ul \"> Ystad ser frem til at tage f\u00f8ringen. Vi har spinning i en cirkul\u00e6r T\u00e6nk i vores forretning med klare resultater. Nu vil vi tage skridt videre og konkurrere med andre kommuner. <\/span><\/em><\/p>\n<p><em> <strong> Hvem bliver 2018 bedste kommune til genanvendelse? &#8221; <\/strong><\/em><\/p>\n<p>Jonas Rosenkvist, kommunalchef <span class=\"il\"> Ystad kommune, 29. marts 2017<\/span><\/p>\n<p>&nbsp;<\/li>\n<\/ul>\n","protected":false},"excerpt":{"rendered":"<p>Det startede med en innovations indk\u00f8b i efter\u00e5ret 2014 og har resulteret i et samarbejde, som nu har f\u00f8rt til, at Ystad konkurrerer i genanvendelse med andre kommuner! Nedenfor er en kort pr\u00e6sentation af det f\u00f8rste \u00e5rs evaluering og Ystads kommentarer til arbejdet.<\/p>\n","protected":false},"author":2,"featured_media":0,"parent":2132,"menu_order":0,"comment_status":"closed","ping_status":"closed","template":"","meta":[],"yoast_head":"<!-- This site is optimized with the Yoast SEO plugin v15.9.1 - https:\/\/yoast.com\/wordpress\/plugins\/seo\/ -->\n<meta name=\"robots\" content=\"index, follow, max-snippet:-1, max-image-preview:large, max-video-preview:-1\" \/>\n<link rel=\"canonical\" href=\"https:\/\/www.off2off.se\/da\/referencer\/case\/ystads-kommun\/\" \/>\n<meta property=\"og:locale\" content=\"da_DK\" \/>\n<meta property=\"og:type\" content=\"article\" \/>\n<meta property=\"og:title\" content=\"Ystads kommun &ndash; off2off\" \/>\n<meta property=\"og:description\" content=\"Det startede med en innovations indk\u00f8b i efter\u00e5ret 2014 og har resulteret i et samarbejde, som nu har f\u00f8rt til, at Ystad konkurrerer i genanvendelse med andre kommuner! Nedenfor er en kort pr\u00e6sentation af det f\u00f8rste \u00e5rs evaluering og Ystads kommentarer til arbejdet.\" \/>\n<meta property=\"og:url\" content=\"https:\/\/www.off2off.se\/da\/referencer\/case\/ystads-kommun\/\" \/>\n<meta property=\"og:site_name\" content=\"off2off\" \/>\n<meta property=\"article:publisher\" content=\"https:\/\/www.facebook.com\/off2off\/\" \/>\n<meta name=\"twitter:card\" content=\"summary\" \/>\n<meta name=\"twitter:site\" content=\"@off2off\" \/>\n<meta name=\"twitter:label1\" content=\"Est. reading time\">\n\t<meta name=\"twitter:data1\" content=\"2 minutes\">\n<script type=\"application\/ld+json\" class=\"yoast-schema-graph\">{\"@context\":\"https:\/\/schema.org\",\"@graph\":[{\"@type\":\"WebSite\",\"@id\":\"https:\/\/www.off2off.se\/#website\",\"url\":\"https:\/\/www.off2off.se\/\",\"name\":\"off2off\",\"description\":\"\\u00c5teranv\\u00e4ndning, h\\u00e5llbar offentlig konsumtion, malvin, malvin.se, kollaborativ ekonomi, cirkul\\u00e4r ekonomi, reuse, funktionella \\u00f6verskott, circular economy, kollaborativ ekonomi, anv\\u00e4ndning, system, \\u00e5terbruk, m\\u00f6bler\",\"potentialAction\":[{\"@type\":\"SearchAction\",\"target\":\"https:\/\/www.off2off.se\/?s={search_term_string}\",\"query-input\":\"required name=search_term_string\"}],\"inLanguage\":\"da-DK\"},{\"@type\":\"WebPage\",\"@id\":\"https:\/\/www.off2off.se\/da\/referencer\/case\/ystads-kommun\/#webpage\",\"url\":\"https:\/\/www.off2off.se\/da\/referencer\/case\/ystads-kommun\/\",\"name\":\"Ystads kommun &ndash; off2off\",\"isPartOf\":{\"@id\":\"https:\/\/www.off2off.se\/#website\"},\"datePublished\":\"2018-05-16T12:51:58+00:00\",\"dateModified\":\"2018-05-16T12:51:58+00:00\",\"breadcrumb\":{\"@id\":\"https:\/\/www.off2off.se\/da\/referencer\/case\/ystads-kommun\/#breadcrumb\"},\"inLanguage\":\"da-DK\",\"potentialAction\":[{\"@type\":\"ReadAction\",\"target\":[\"https:\/\/www.off2off.se\/da\/referencer\/case\/ystads-kommun\/\"]}]},{\"@type\":\"BreadcrumbList\",\"@id\":\"https:\/\/www.off2off.se\/da\/referencer\/case\/ystads-kommun\/#breadcrumb\",\"itemListElement\":[{\"@type\":\"ListItem\",\"position\":1,\"item\":{\"@type\":\"WebPage\",\"@id\":\"https:\/\/www.off2off.se\/da\/\",\"url\":\"https:\/\/www.off2off.se\/da\/\",\"name\":\"Home\"}},{\"@type\":\"ListItem\",\"position\":2,\"item\":{\"@type\":\"WebPage\",\"@id\":\"https:\/\/www.off2off.se\/da\/referencer\/\",\"url\":\"https:\/\/www.off2off.se\/da\/referencer\/\",\"name\":\"Referencer\"}},{\"@type\":\"ListItem\",\"position\":3,\"item\":{\"@type\":\"WebPage\",\"@id\":\"https:\/\/www.off2off.se\/da\/referencer\/case\/\",\"url\":\"https:\/\/www.off2off.se\/da\/referencer\/case\/\",\"name\":\"Case\"}},{\"@type\":\"ListItem\",\"position\":4,\"item\":{\"@type\":\"WebPage\",\"@id\":\"https:\/\/www.off2off.se\/da\/referencer\/case\/ystads-kommun\/\",\"url\":\"https:\/\/www.off2off.se\/da\/referencer\/case\/ystads-kommun\/\",\"name\":\"Ystads kommun\"}}]}]}<\/script>\n<!-- \/ Yoast SEO plugin. -->","_links":{"self":[{"href":"https:\/\/www.off2off.se\/da\/wp-json\/wp\/v2\/pages\/2137"}],"collection":[{"href":"https:\/\/www.off2off.se\/da\/wp-json\/wp\/v2\/pages"}],"about":[{"href":"https:\/\/www.off2off.se\/da\/wp-json\/wp\/v2\/types\/page"}],"author":[{"embeddable":true,"href":"https:\/\/www.off2off.se\/da\/wp-json\/wp\/v2\/users\/2"}],"replies":[{"embeddable":true,"href":"https:\/\/www.off2off.se\/da\/wp-json\/wp\/v2\/comments?post=2137"}],"version-history":[{"count":1,"href":"https:\/\/www.off2off.se\/da\/wp-json\/wp\/v2\/pages\/2137\/revisions"}],"predecessor-version":[{"id":2138,"href":"https:\/\/www.off2off.se\/da\/wp-json\/wp\/v2\/pages\/2137\/revisions\/2138"}],"up":[{"embeddable":true,"href":"https:\/\/www.off2off.se\/da\/wp-json\/wp\/v2\/pages\/2132"}],"wp:attachment":[{"href":"https:\/\/www.off2off.se\/da\/wp-json\/wp\/v2\/media?parent=2137"}],"curies":[{"name":"wp","href":"https:\/\/api.w.org\/{rel}","templated":true}]}}