{"id":2139,"date":"2018-05-16T14:54:05","date_gmt":"2018-05-16T12:54:05","guid":{"rendered":"http:\/\/www.off2off.se\/?page_id=2139\/"},"modified":"2018-05-16T14:54:05","modified_gmt":"2018-05-16T12:54:05","slug":"vallentuna-kommune","status":"publish","type":"page","link":"https:\/\/www.off2off.se\/da\/referencer\/kunder\/vallentuna-kommune\/","title":{"rendered":"Vallentuna kommune"},"content":{"rendered":"<blockquote><p><em> &#8220;Off2off har leveret et system, der opfylder mere end vores forventninger. Interfacet er p\u00e6nt, og systemets muligheder interagerer med vores egne interesser for at bidrage til en gr\u00f8nnere Vallentuna, og evnen til at skabe enkle job for folk der har problemer at komme ind p\u00e5 arbejdsmarkedet. Vi har f\u00e5et alle foruds\u00e6tninger for at tilf\u00f8je en rigtig god genanvendelsesvirksomhed, og nu er implementeringen p\u00e5 vej. &#8220;<\/em><\/p><\/blockquote>\n<p><strong> Adam Gjerdrum <\/strong><\/p>\n<p>Projekt \/ affald administratorer<br \/>\nVallentuna kommune<br \/>\nJanuar 2018<\/p>\n<p><img loading=\"lazy\" class=\"alignnone size-medium wp-image-2035\" src=\"http:\/\/www.off2off.se\/wp-content\/uploads\/2018\/02\/VK-LOGO40700pix-1-300x271.gif\" alt=\"\" width=\"300\" height=\"271\" \/><\/p>\n<p>&nbsp;<\/p>\n","protected":false},"excerpt":{"rendered":"<p>Vallentuna tager skridt til gr\u00f8nnere kommuner og mere enkle job<\/p>\n","protected":false},"author":2,"featured_media":0,"parent":2150,"menu_order":0,"comment_status":"closed","ping_status":"closed","template":"","meta":[],"yoast_head":"<!-- This site is optimized with the Yoast SEO plugin v15.9.1 - https:\/\/yoast.com\/wordpress\/plugins\/seo\/ -->\n<meta name=\"robots\" content=\"index, follow, max-snippet:-1, max-image-preview:large, max-video-preview:-1\" \/>\n<link rel=\"canonical\" href=\"https:\/\/www.off2off.se\/da\/referencer\/kunder\/vallentuna-kommune\/\" \/>\n<meta property=\"og:locale\" content=\"da_DK\" \/>\n<meta property=\"og:type\" content=\"article\" \/>\n<meta property=\"og:title\" content=\"Vallentuna kommune &ndash; off2off\" \/>\n<meta property=\"og:description\" content=\"Vallentuna tager skridt til gr\u00f8nnere kommuner og mere enkle job\" \/>\n<meta property=\"og:url\" content=\"https:\/\/www.off2off.se\/da\/referencer\/kunder\/vallentuna-kommune\/\" \/>\n<meta property=\"og:site_name\" content=\"off2off\" \/>\n<meta property=\"article:publisher\" content=\"https:\/\/www.facebook.com\/off2off\/\" \/>\n<meta property=\"og:image\" content=\"http:\/\/www.off2off.se\/wp-content\/uploads\/2018\/02\/VK-LOGO40700pix-1-300x271.gif\" \/>\n<meta name=\"twitter:card\" content=\"summary\" \/>\n<meta name=\"twitter:site\" content=\"@off2off\" \/>\n<script type=\"application\/ld+json\" class=\"yoast-schema-graph\">{\"@context\":\"https:\/\/schema.org\",\"@graph\":[{\"@type\":\"WebSite\",\"@id\":\"https:\/\/www.off2off.se\/#website\",\"url\":\"https:\/\/www.off2off.se\/\",\"name\":\"off2off\",\"description\":\"\\u00c5teranv\\u00e4ndning, h\\u00e5llbar offentlig konsumtion, malvin, malvin.se, kollaborativ ekonomi, cirkul\\u00e4r ekonomi, reuse, funktionella \\u00f6verskott, circular economy, kollaborativ ekonomi, anv\\u00e4ndning, system, \\u00e5terbruk, m\\u00f6bler\",\"potentialAction\":[{\"@type\":\"SearchAction\",\"target\":\"https:\/\/www.off2off.se\/?s={search_term_string}\",\"query-input\":\"required name=search_term_string\"}],\"inLanguage\":\"da-DK\"},{\"@type\":\"ImageObject\",\"@id\":\"https:\/\/www.off2off.se\/da\/referencer\/kunder\/vallentuna-kommune\/#primaryimage\",\"inLanguage\":\"da-DK\",\"url\":\"http:\/\/www.off2off.se\/wp-content\/uploads\/2018\/02\/VK-LOGO40700pix-1-300x271.gif\"},{\"@type\":\"WebPage\",\"@id\":\"https:\/\/www.off2off.se\/da\/referencer\/kunder\/vallentuna-kommune\/#webpage\",\"url\":\"https:\/\/www.off2off.se\/da\/referencer\/kunder\/vallentuna-kommune\/\",\"name\":\"Vallentuna kommune &ndash; off2off\",\"isPartOf\":{\"@id\":\"https:\/\/www.off2off.se\/#website\"},\"primaryImageOfPage\":{\"@id\":\"https:\/\/www.off2off.se\/da\/referencer\/kunder\/vallentuna-kommune\/#primaryimage\"},\"datePublished\":\"2018-05-16T12:54:05+00:00\",\"dateModified\":\"2018-05-16T12:54:05+00:00\",\"breadcrumb\":{\"@id\":\"https:\/\/www.off2off.se\/da\/referencer\/kunder\/vallentuna-kommune\/#breadcrumb\"},\"inLanguage\":\"da-DK\",\"potentialAction\":[{\"@type\":\"ReadAction\",\"target\":[\"https:\/\/www.off2off.se\/da\/referencer\/kunder\/vallentuna-kommune\/\"]}]},{\"@type\":\"BreadcrumbList\",\"@id\":\"https:\/\/www.off2off.se\/da\/referencer\/kunder\/vallentuna-kommune\/#breadcrumb\",\"itemListElement\":[{\"@type\":\"ListItem\",\"position\":1,\"item\":{\"@type\":\"WebPage\",\"@id\":\"https:\/\/www.off2off.se\/da\/\",\"url\":\"https:\/\/www.off2off.se\/da\/\",\"name\":\"Home\"}},{\"@type\":\"ListItem\",\"position\":2,\"item\":{\"@type\":\"WebPage\",\"@id\":\"https:\/\/www.off2off.se\/da\/referencer\/\",\"url\":\"https:\/\/www.off2off.se\/da\/referencer\/\",\"name\":\"Referencer\"}},{\"@type\":\"ListItem\",\"position\":3,\"item\":{\"@type\":\"WebPage\",\"@id\":\"https:\/\/www.off2off.se\/da\/referencer\/kunder\/\",\"url\":\"https:\/\/www.off2off.se\/da\/referencer\/kunder\/\",\"name\":\"Kunder\"}},{\"@type\":\"ListItem\",\"position\":4,\"item\":{\"@type\":\"WebPage\",\"@id\":\"https:\/\/www.off2off.se\/da\/referencer\/kunder\/vallentuna-kommune\/\",\"url\":\"https:\/\/www.off2off.se\/da\/referencer\/kunder\/vallentuna-kommune\/\",\"name\":\"Vallentuna kommune\"}}]}]}<\/script>\n<!-- \/ Yoast SEO plugin. -->","_links":{"self":[{"href":"https:\/\/www.off2off.se\/da\/wp-json\/wp\/v2\/pages\/2139"}],"collection":[{"href":"https:\/\/www.off2off.se\/da\/wp-json\/wp\/v2\/pages"}],"about":[{"href":"https:\/\/www.off2off.se\/da\/wp-json\/wp\/v2\/types\/page"}],"author":[{"embeddable":true,"href":"https:\/\/www.off2off.se\/da\/wp-json\/wp\/v2\/users\/2"}],"replies":[{"embeddable":true,"href":"https:\/\/www.off2off.se\/da\/wp-json\/wp\/v2\/comments?post=2139"}],"version-history":[{"count":1,"href":"https:\/\/www.off2off.se\/da\/wp-json\/wp\/v2\/pages\/2139\/revisions"}],"predecessor-version":[{"id":2140,"href":"https:\/\/www.off2off.se\/da\/wp-json\/wp\/v2\/pages\/2139\/revisions\/2140"}],"up":[{"embeddable":true,"href":"https:\/\/www.off2off.se\/da\/wp-json\/wp\/v2\/pages\/2150"}],"wp:attachment":[{"href":"https:\/\/www.off2off.se\/da\/wp-json\/wp\/v2\/media?parent=2139"}],"curies":[{"name":"wp","href":"https:\/\/api.w.org\/{rel}","templated":true}]}}